
{"id":13383,"date":"2014-03-24T10:32:19","date_gmt":"2014-03-24T10:32:19","guid":{"rendered":"http:\/\/demo.qodeinteractive.com\/bridge66\/?page_id=13383"},"modified":"2021-10-11T15:26:15","modified_gmt":"2021-10-11T13:26:15","slug":"mission","status":"publish","type":"page","link":"https:\/\/www.blugiallo.it\/?page_id=13383","title":{"rendered":"Mission"},"content":{"rendered":"<p>[vc_row css_animation=&#8221;&#8221; row_type=&#8221;row&#8221; use_row_as_full_screen_section=&#8221;no&#8221; type=&#8221;grid&#8221; angled_section=&#8221;no&#8221; text_align=&#8221;left&#8221; background_image_as_pattern=&#8221;without_pattern&#8221; padding_top=&#8221;87&#8243; padding_bottom=&#8221;0&#8243; css=&#8221;.vc_custom_1540308054114{margin-top: 0px !important;padding-top: 40px !important;}&#8221; z_index=&#8221;&#8221;][vc_column][vc_column_text]<img loading=\"lazy\" decoding=\"async\" class=\"aligncenter wp-image-15507\" src=\"https:\/\/www.blugiallo.it\/wp-content\/uploads\/2018\/10\/blugiallo-logo-280.png\" alt=\"\" width=\"220\" height=\"134\" \/>[\/vc_column_text][vc_column_text]<\/p>\n<h1 class=\"headings-tit\" style=\"text-align: center;\">bluGiallo<\/h1>\n<h2 class=\"special-tit\" style=\"text-align: center;\">Ascoltiamo il tuo colore<\/h2>\n<p>[\/vc_column_text][vc_separator type=&#8221;small&#8221; position=&#8221;center&#8221; up=&#8221;7&#8243; down=&#8221;30&#8243;][vc_column_text]<\/p>\n<h3 class=\"special-3-tit\" style=\"text-align: center;\">Chi siamo e in cosa crediamo<\/h3>\n<p>[\/vc_column_text][vc_separator type=&#8221;transparent&#8221; up=&#8221;31&#8243; down=&#8221;19&#8243;][vc_row_inner row_type=&#8221;row&#8221; type=&#8221;full_width&#8221; text_align=&#8221;left&#8221; css_animation=&#8221;&#8221; css=&#8221;.vc_custom_1540308796219{padding-top: 30px !important;}&#8221;][vc_column_inner width=&#8221;1\/2&#8243;][vc_column_text css=&#8221;.vc_custom_1540498036421{margin-top: 10px !important;}&#8221;]<\/p>\n<p style=\"text-align: justify;\">Il nostro punto di partenza \u00e8 l\u2019<strong>ascolto<\/strong>, che riteniamo fondamentale per lo sviluppo della <strong>fiducia in s\u00e9 stessi e nelle relazioni<\/strong>. Di pari passo analizziamo i <strong>bisogni e le necessit\u00e0 individuali<\/strong>, trovando insieme la migliore soluzione.<\/p>\n<p>[\/vc_column_text][vc_column_text css=&#8221;.vc_custom_1540497993075{margin-top: 5px !important;}&#8221;]<\/p>\n<p style=\"text-align: justify;\">Proponiamo <strong>incontri individuali o di gruppo e work-shop tematici per adulti e genitori, laboratori didattici e ricreativi per bambini e ragazzi<\/strong>.<\/p>\n<p>[\/vc_column_text][vc_column_text css=&#8221;.vc_custom_1540308691662{margin-top: 30px !important;}&#8221;]<\/p>\n<p style=\"text-align: justify;\">Vogliamo promuovere il <strong>benessere per tutti<\/strong>. Desideriamo <strong>sostenere le persone<\/strong> partendo dalla <strong>valorizzazione delle emozioni e dei bisogni di ognuno<\/strong>, per <strong>favorire le relazioni e la condivisione<\/strong> in ogni ambito della vita di tutti i giorni.<\/p>\n<p>[\/vc_column_text][vc_separator type=&#8221;transparent&#8221; up=&#8221;60&#8243; down=&#8221;0&#8243;][\/vc_column_inner][vc_column_inner width=&#8221;1\/2&#8243;][vc_separator type=&#8221;transparent&#8221; up=&#8221;10&#8243; down=&#8221;0&#8243;]<div class='q_progress_bar'><h5 class='progress_title_holder clearfix' style=''><span class='progress_title'><span>Ascolto<\/span><\/span><span class='progress_number' style=''><span>0<\/span>%<\/span><\/h5><div class='progress_content_outer' style=''><div data-percentage='100' class='progress_content' style=''><\/div><\/div><\/div>[vc_separator type=&#8221;transparent&#8221; up=&#8221;10&#8243; down=&#8221;0&#8243;]<div class='q_progress_bar'><h5 class='progress_title_holder clearfix' style=''><span class='progress_title'><span>Analisi bisogni individuali<\/span><\/span><span class='progress_number' style=''><span>0<\/span>%<\/span><\/h5><div class='progress_content_outer' style=''><div data-percentage='100' class='progress_content' style=''><\/div><\/div><\/div>[vc_separator type=&#8221;transparent&#8221; up=&#8221;10&#8243; down=&#8221;0&#8243;]<div class='q_progress_bar'><h5 class='progress_title_holder clearfix' style=''><span class='progress_title'><span>Analisi necessit\u00e0 individuali<\/span><\/span><span class='progress_number' style=''><span>0<\/span>%<\/span><\/h5><div class='progress_content_outer' style=''><div data-percentage='100' class='progress_content' style=''><\/div><\/div><\/div>[\/vc_column_inner][\/vc_row_inner][\/vc_column][\/vc_row][vc_row css_animation=&#8221;&#8221; row_type=&#8221;row&#8221; use_row_as_full_screen_section=&#8221;no&#8221; type=&#8221;full_width&#8221; angled_section=&#8221;no&#8221; text_align=&#8221;left&#8221; background_image_as_pattern=&#8221;without_pattern&#8221;][vc_column][vc_separator type=&#8221;small&#8221; position=&#8221;center&#8221; up=&#8221;0&#8243; down=&#8221;30&#8243;][vc_column_text]<\/p>\n<p style=\"text-align: center;\">Tutte le nostre attivit\u00e0 sono realizzate da <strong>Professionisti ed Educatori accreditati nei rispettivi settori<\/strong>.<\/p>\n<p>[\/vc_column_text][vc_separator type=&#8221;small&#8221; position=&#8221;center&#8221; up=&#8221;40&#8243; down=&#8221;0&#8243;][\/vc_column][\/vc_row][vc_row css_animation=&#8221;&#8221; row_type=&#8221;row&#8221; use_row_as_full_screen_section=&#8221;no&#8221; type=&#8221;grid&#8221; angled_section=&#8221;no&#8221; text_align=&#8221;left&#8221; background_image_as_pattern=&#8221;without_pattern&#8221; background_color=&#8221;#ffffff&#8221; padding_top=&#8221;40&#8243; padding_bottom=&#8221;60&#8243; z_index=&#8221;&#8221; css=&#8221;.vc_custom_1540500543191{padding-top: 60px !important;}&#8221;][vc_column width=&#8221;1\/2&#8243;][vc_column_text]<\/p>\n<h2 style=\"text-align: left;\">Cosa facciamo<\/h2>\n<p>[\/vc_column_text][vc_separator type=&#8221;normal&#8221; up=&#8221;16&#8243; down=&#8221;44&#8243;][vc_column_text]<\/p>\n<h3 class=\"special-3-tit\" style=\"text-align: left;\">Prima di tutto\u2026 ti ascoltiamo!<\/h3>\n<p>[\/vc_column_text][vc_column_text css=&#8221;.vc_custom_1540485934673{padding-top: 30px !important;padding-bottom: 30px !important;}&#8221;]<\/p>\n<p style=\"text-align: left;\">Proponiamo incontri individuali o di gruppo per ascoltare i desideri, i bisogni e le aspettative rispetto alle attivit\u00e0 proposte.<br \/>\nInsieme scopriremo cosa fa davvero per te e per tuo figlio!<\/p>\n<p>[\/vc_column_text][vc_column_text css=&#8221;.vc_custom_1540500580653{padding-bottom: 40px !important;}&#8221;]<\/p>\n<h3 class=\"special-3-tit\" style=\"text-align: left;\">E poi&#8230;<\/h3>\n<p>[\/vc_column_text][\/vc_column][vc_column width=&#8221;1\/2&#8243; el_class=&#8221;icon-column&#8221;]<span data-type=\"circle\"   class=\"qode_icon_shortcode fa-stack q_font_awsome_icon_stack fa-5x  \" style=\"margin: 0 0 0 0; \"><i class=\"fa fa-circle fa-stack-base fa-stack-2x\" style=\"\"><\/i><i class=\"qode_icon_font_awesome fa fa-tint qode_icon_element fa-stack-1x\" style=\"\" ><\/i><\/span>[vc_column_text]<\/p>\n<h2 class=\"special-tit\" style=\"text-align: left;\">Colora il tuo benessere<\/h2>\n<p>[\/vc_column_text][vc_column_text]<\/p>\n<p style=\"text-align: justify;\">Dopo aver individuato l\u2019attivit\u00e0 pi\u00f9 adatta a te o a tuo figlio non resta che iniziare a sperimentare e divertirsi, conoscendo meglio s\u00e9 stessi e gli altri partecipando alle nostre attivit\u00e0.<\/p>\n<p>[\/vc_column_text][\/vc_column][\/vc_row][vc_row css_animation=&#8221;&#8221; row_type=&#8221;row&#8221; use_row_as_full_screen_section=&#8221;no&#8221; type=&#8221;full_width&#8221; angled_section=&#8221;no&#8221; text_align=&#8221;left&#8221; background_image_as_pattern=&#8221;without_pattern&#8221; z_index=&#8221;&#8221;][vc_column]<div class=\"call_to_action with_icon\" style=\"background-color: #068c3d;padding-top: 40px;padding-bottom: 40px;\"><div class=\"container_inner\"><div class=\"two_columns_75_25 clearfix\"><div class=\"text_wrapper column1\"><div class=\"call_to_action_icon_holder\"><div class=\"call_to_action_icon\"><div class=\"call_to_action_icon_inner\"><i class='fa fa-arrow-right pull-left . fa-2x' style='color: #ffffff;'><\/i><\/div><\/div><\/div><div class=\"call_to_action_text  font_size_inherit font_weight_inherit letter_spacing_inherit\" style=\"font-size:24px;font-weight: 600;letter-spacing: 0.05empx;\">Scopri i Laboratori di bluGiallo!<\/div><\/div><div class=\"button_wrapper column2\"><a itemprop=\"url\" href=\"\/?page_id=14093\" class=\"qbutton white \" target=\"\" style=\"color: #1c8daf;border-color: #ffffff;background-color: #ffffff;\" data-hover-background-color=#feac22 data-hover-border-color=#feac22 data-hover-color=#ffffff>ENTRA<\/a><\/div><\/div><\/div><\/div>[\/vc_column][\/vc_row][vc_row css_animation=&#8221;&#8221; row_type=&#8221;row&#8221; use_row_as_full_screen_section=&#8221;no&#8221; type=&#8221;full_width&#8221; angled_section=&#8221;no&#8221; text_align=&#8221;left&#8221; background_image_as_pattern=&#8221;without_pattern&#8221;][vc_column]<div class=\"call_to_action with_icon\" style=\"background-color: #feb425;padding-top: 40px;padding-bottom: 40px;\"><div class=\"container_inner\"><div class=\"two_columns_75_25 clearfix\"><div class=\"text_wrapper column1\"><div class=\"call_to_action_icon_holder\"><div class=\"call_to_action_icon\"><div class=\"call_to_action_icon_inner\"><i class='fa fa-arrow-right pull-left . fa-2x' style='color: #ffffff;'><\/i><\/div><\/div><\/div><div class=\"call_to_action_text  font_size_inherit font_weight_inherit letter_spacing_inherit\" style=\"font-size:24px;font-weight: 600;letter-spacing: 0.05empx;\">Contattaci se hai bisogno di approfondimenti.<\/div><\/div><div class=\"button_wrapper column2\"><a itemprop=\"url\" href=\"\/?page_id=1452\" class=\"qbutton white \" target=\"\" style=\"color: #1c8daf;border-color: #ffffff;background-color: #ffffff;\" data-hover-background-color=#058337 data-hover-border-color=#058337 data-hover-color=#ffffff>Richiedi informazioni<\/a><\/div><\/div><\/div><\/div>[\/vc_column][\/vc_row]<\/p>\n","protected":false},"excerpt":{"rendered":"<p>[vc_row css_animation=&#8221;&#8221; row_type=&#8221;row&#8221; use_row_as_full_screen_section=&#8221;no&#8221; type=&#8221;grid&#8221; angled_section=&#8221;no&#8221; text_align=&#8221;left&#8221; background_image_as_pattern=&#8221;without_pattern&#8221; padding_top=&#8221;87&#8243; padding_bottom=&#8221;0&#8243; css=&#8221;.vc_custom_1540308054114{margin-top: 0px !important;padding-top: 40px !important;}&#8221; z_index=&#8221;&#8221;][vc_column][vc_column_text][\/vc_column_text][vc_column_text] bluGiallo Ascoltiamo il tuo colore [\/vc_column_text][vc_separator type=&#8221;small&#8221; position=&#8221;center&#8221; up=&#8221;7&#8243; down=&#8221;30&#8243;][vc_column_text] Chi siamo e in cosa crediamo [\/vc_column_text][vc_separator type=&#8221;transparent&#8221; up=&#8221;31&#8243; down=&#8221;19&#8243;][vc_row_inner row_type=&#8221;row&#8221; type=&#8221;full_width&#8221; text_align=&#8221;left&#8221; css_animation=&#8221;&#8221; css=&#8221;.vc_custom_1540308796219{padding-top: 30px !important;}&#8221;][vc_column_inner width=&#8221;1\/2&#8243;][vc_column_text css=&#8221;.vc_custom_1540498036421{margin-top:&#8230;<\/p>\n","protected":false},"author":1,"featured_media":0,"parent":0,"menu_order":0,"comment_status":"open","ping_status":"open","template":"full_width.php","meta":{"_monsterinsights_skip_tracking":false,"_monsterinsights_sitenote_active":false,"_monsterinsights_sitenote_note":"","_monsterinsights_sitenote_category":0,"footnotes":""},"class_list":["post-13383","page","type-page","status-publish","hentry"],"yoast_head":"<!-- This site is optimized with the Yoast SEO plugin v17.3 - https:\/\/yoast.com\/wordpress\/plugins\/seo\/ -->\r\n<title>Mission - Blugiallo<\/title>\r\n<meta name=\"description\" content=\"Il nostro punto di partenza \u00e8 l\u2019ascolto, che riteniamo fondamentale per lo sviluppo della fiducia in s\u00e9 stessi e nelle relazioni. Di pari passo analizziamo i bisogni e le necessit\u00e0 individuali, trovando insieme la migliore soluzione.\" \/>\r\n<meta name=\"robots\" content=\"index, follow, max-snippet:-1, max-image-preview:large, max-video-preview:-1\" \/>\r\n<link rel=\"canonical\" href=\"http:\/\/www.blugiallo.it\/?page_id=13383\" \/>\r\n<meta property=\"og:locale\" content=\"it_IT\" \/>\r\n<meta property=\"og:type\" content=\"article\" \/>\r\n<meta property=\"og:title\" content=\"Mission - Blugiallo\" \/>\r\n<meta property=\"og:description\" content=\"Il nostro punto di partenza \u00e8 l\u2019ascolto, che riteniamo fondamentale per lo sviluppo della fiducia in s\u00e9 stessi e nelle relazioni. Di pari passo analizziamo i bisogni e le necessit\u00e0 individuali, trovando insieme la migliore soluzione.\" \/>\r\n<meta property=\"og:url\" content=\"http:\/\/www.blugiallo.it\/?page_id=13383\" \/>\r\n<meta property=\"og:site_name\" content=\"Blugiallo\" \/>\r\n<meta property=\"article:modified_time\" content=\"2021-10-11T13:26:15+00:00\" \/>\r\n<meta property=\"og:image\" content=\"https:\/\/www.blugiallo.it\/wp-content\/uploads\/2018\/10\/blugiallo-logo-280.png\" \/>\r\n<meta name=\"twitter:card\" content=\"summary_large_image\" \/>\r\n<meta name=\"twitter:label1\" content=\"Tempo di lettura stimato\" \/>\n\t<meta name=\"twitter:data1\" content=\"2 minuti\" \/>\r\n<script type=\"application\/ld+json\" class=\"yoast-schema-graph\">{\"@context\":\"https:\/\/schema.org\",\"@graph\":[{\"@type\":\"WebSite\",\"@id\":\"https:\/\/www.blugiallo.it\/#website\",\"url\":\"https:\/\/www.blugiallo.it\/\",\"name\":\"Blugiallo\",\"description\":\"\",\"potentialAction\":[{\"@type\":\"SearchAction\",\"target\":{\"@type\":\"EntryPoint\",\"urlTemplate\":\"https:\/\/www.blugiallo.it\/?s={search_term_string}\"},\"query-input\":\"required name=search_term_string\"}],\"inLanguage\":\"it-IT\"},{\"@type\":\"ImageObject\",\"@id\":\"http:\/\/www.blugiallo.it\/?page_id=13383#primaryimage\",\"inLanguage\":\"it-IT\",\"url\":\"https:\/\/www.blugiallo.it\/wp-content\/uploads\/2018\/10\/blugiallo-logo-280.png\",\"contentUrl\":\"https:\/\/www.blugiallo.it\/wp-content\/uploads\/2018\/10\/blugiallo-logo-280.png\"},{\"@type\":\"WebPage\",\"@id\":\"http:\/\/www.blugiallo.it\/?page_id=13383#webpage\",\"url\":\"http:\/\/www.blugiallo.it\/?page_id=13383\",\"name\":\"Mission - Blugiallo\",\"isPartOf\":{\"@id\":\"https:\/\/www.blugiallo.it\/#website\"},\"primaryImageOfPage\":{\"@id\":\"http:\/\/www.blugiallo.it\/?page_id=13383#primaryimage\"},\"datePublished\":\"2014-03-24T10:32:19+00:00\",\"dateModified\":\"2021-10-11T13:26:15+00:00\",\"description\":\"Il nostro punto di partenza \\u00e8 l\\u2019ascolto, che riteniamo fondamentale per lo sviluppo della fiducia in s\\u00e9 stessi e nelle relazioni. Di pari passo analizziamo i bisogni e le necessit\\u00e0 individuali, trovando insieme la migliore soluzione.\",\"breadcrumb\":{\"@id\":\"http:\/\/www.blugiallo.it\/?page_id=13383#breadcrumb\"},\"inLanguage\":\"it-IT\",\"potentialAction\":[{\"@type\":\"ReadAction\",\"target\":[\"http:\/\/www.blugiallo.it\/?page_id=13383\"]}]},{\"@type\":\"BreadcrumbList\",\"@id\":\"http:\/\/www.blugiallo.it\/?page_id=13383#breadcrumb\",\"itemListElement\":[{\"@type\":\"ListItem\",\"position\":1,\"name\":\"Home\",\"item\":\"https:\/\/www.blugiallo.it\/\"},{\"@type\":\"ListItem\",\"position\":2,\"name\":\"Mission\"}]}]}<\/script>\r\n<!-- \/ Yoast SEO plugin. -->","yoast_head_json":{"title":"Mission - Blugiallo","description":"Il nostro punto di partenza \u00e8 l\u2019ascolto, che riteniamo fondamentale per lo sviluppo della fiducia in s\u00e9 stessi e nelle relazioni. Di pari passo analizziamo i bisogni e le necessit\u00e0 individuali, trovando insieme la migliore soluzione.","robots":{"index":"index","follow":"follow","max-snippet":"max-snippet:-1","max-image-preview":"max-image-preview:large","max-video-preview":"max-video-preview:-1"},"canonical":"http:\/\/www.blugiallo.it\/?page_id=13383","og_locale":"it_IT","og_type":"article","og_title":"Mission - Blugiallo","og_description":"Il nostro punto di partenza \u00e8 l\u2019ascolto, che riteniamo fondamentale per lo sviluppo della fiducia in s\u00e9 stessi e nelle relazioni. Di pari passo analizziamo i bisogni e le necessit\u00e0 individuali, trovando insieme la migliore soluzione.","og_url":"http:\/\/www.blugiallo.it\/?page_id=13383","og_site_name":"Blugiallo","article_modified_time":"2021-10-11T13:26:15+00:00","og_image":[{"url":"https:\/\/www.blugiallo.it\/wp-content\/uploads\/2018\/10\/blugiallo-logo-280.png"}],"twitter_card":"summary_large_image","twitter_misc":{"Tempo di lettura stimato":"2 minuti"},"schema":{"@context":"https:\/\/schema.org","@graph":[{"@type":"WebSite","@id":"https:\/\/www.blugiallo.it\/#website","url":"https:\/\/www.blugiallo.it\/","name":"Blugiallo","description":"","potentialAction":[{"@type":"SearchAction","target":{"@type":"EntryPoint","urlTemplate":"https:\/\/www.blugiallo.it\/?s={search_term_string}"},"query-input":"required name=search_term_string"}],"inLanguage":"it-IT"},{"@type":"ImageObject","@id":"http:\/\/www.blugiallo.it\/?page_id=13383#primaryimage","inLanguage":"it-IT","url":"https:\/\/www.blugiallo.it\/wp-content\/uploads\/2018\/10\/blugiallo-logo-280.png","contentUrl":"https:\/\/www.blugiallo.it\/wp-content\/uploads\/2018\/10\/blugiallo-logo-280.png"},{"@type":"WebPage","@id":"http:\/\/www.blugiallo.it\/?page_id=13383#webpage","url":"http:\/\/www.blugiallo.it\/?page_id=13383","name":"Mission - Blugiallo","isPartOf":{"@id":"https:\/\/www.blugiallo.it\/#website"},"primaryImageOfPage":{"@id":"http:\/\/www.blugiallo.it\/?page_id=13383#primaryimage"},"datePublished":"2014-03-24T10:32:19+00:00","dateModified":"2021-10-11T13:26:15+00:00","description":"Il nostro punto di partenza \u00e8 l\u2019ascolto, che riteniamo fondamentale per lo sviluppo della fiducia in s\u00e9 stessi e nelle relazioni. Di pari passo analizziamo i bisogni e le necessit\u00e0 individuali, trovando insieme la migliore soluzione.","breadcrumb":{"@id":"http:\/\/www.blugiallo.it\/?page_id=13383#breadcrumb"},"inLanguage":"it-IT","potentialAction":[{"@type":"ReadAction","target":["http:\/\/www.blugiallo.it\/?page_id=13383"]}]},{"@type":"BreadcrumbList","@id":"http:\/\/www.blugiallo.it\/?page_id=13383#breadcrumb","itemListElement":[{"@type":"ListItem","position":1,"name":"Home","item":"https:\/\/www.blugiallo.it\/"},{"@type":"ListItem","position":2,"name":"Mission"}]}]}},"_links":{"self":[{"href":"https:\/\/www.blugiallo.it\/index.php?rest_route=\/wp\/v2\/pages\/13383","targetHints":{"allow":["GET"]}}],"collection":[{"href":"https:\/\/www.blugiallo.it\/index.php?rest_route=\/wp\/v2\/pages"}],"about":[{"href":"https:\/\/www.blugiallo.it\/index.php?rest_route=\/wp\/v2\/types\/page"}],"author":[{"embeddable":true,"href":"https:\/\/www.blugiallo.it\/index.php?rest_route=\/wp\/v2\/users\/1"}],"replies":[{"embeddable":true,"href":"https:\/\/www.blugiallo.it\/index.php?rest_route=%2Fwp%2Fv2%2Fcomments&post=13383"}],"version-history":[{"count":1,"href":"https:\/\/www.blugiallo.it\/index.php?rest_route=\/wp\/v2\/pages\/13383\/revisions"}],"predecessor-version":[{"id":16403,"href":"https:\/\/www.blugiallo.it\/index.php?rest_route=\/wp\/v2\/pages\/13383\/revisions\/16403"}],"wp:attachment":[{"href":"https:\/\/www.blugiallo.it\/index.php?rest_route=%2Fwp%2Fv2%2Fmedia&parent=13383"}],"curies":[{"name":"wp","href":"https:\/\/api.w.org\/{rel}","templated":true}]}}